{"id":1001,"date":"2023-11-02T20:28:36","date_gmt":"2023-11-02T20:28:36","guid":{"rendered":"https:\/\/poppinsstore.com\/?post_type=product&#038;p=1001"},"modified":"2025-07-03T16:56:35","modified_gmt":"2025-07-03T16:56:35","slug":"versante-mate-cielo-de-verano","status":"publish","type":"product","link":"https:\/\/poppinsstore.com\/?product=versante-mate-cielo-de-verano","title":{"rendered":"Versante Mate CIELO DE VERANO"},"content":{"rendered":"\n<p>Autentico\u00ae Versante es una pintura natural con base de tiza indicada para superficies de exterior e interior. Contiene una membrana inteligente con regulador de humedad y filtro solar que la hace perfecta para superficies de mucho uso (muebles y azulejos de cocinas y ba\u00f1os, puertas, paredes lavables) y superficies de exterior<\/p>\n\n\n\n<p><strong>Donde usar<\/strong><br>Se pueden pintar superficies y muebles de exterior y muebles y zonas interiores con elevada humedad como cocinas, paredes y muebles de ba\u00f1o. Es ultramate y tiene un caracter\u00edstico tacto de tiza. Es ideal para pintar azulejos de ba\u00f1o y cocina.<\/p>\n\n\n\n<p><strong>Preparaci\u00f3n y Aplicaci\u00f3n<\/strong><br>Superficies nuevas o no pintadas: Aseg\u00farate que la superficie a pintar est\u00e9 seca, limpia y libre de grasa. Recomendamos utilizar el limpiador Aut\u00e9ntico Omniclean. Para pintar encima de yeso, es importante asegurarse que est\u00e9 completamente seco.<\/p>\n\n\n\n<p><strong>Cobertura<\/strong><br>Un litro cubre aproximadamente entre 8-13 m2, dependiendo de la superficie en la que se aplique y de su porosidad.<\/p>\n\n\n\n<p><strong>Tiempo de secado<\/strong><br>A los 30 minutos est\u00e1 seco al tacto, pero deja al menos 4 horas de secado entre capa y capa. Los tiempos de secado pueden variar en funci\u00f3n de las condiciones ambientales.<\/p>\n\n\n\n<p><strong>Limitaciones<\/strong><br>Los productos Aut\u00e9ntico no deben aplicarse en condiciones de alta humedad, por debajo de los 10\u00baC o por encima de los 30\u00baC.<br>La pintura se seca muy r\u00e1pido pero necesita varias semanas para endurecer (curarse) es por ello que recomendamos ir con cuidado los primeros d\u00edas evitando golpes y rozaduras fuertes.<br>En el caso de pintar puertas de paso, es aconsejable no cerrarlas durante unos d\u00edas hasta que est\u00e9 bien seca la pintura.<\/p>\n\n\n\n<p><\/p>\n","protected":false},"excerpt":{"rendered":"<p>Nuestro color Cielo de Verano nos traslada a los reflejos del mar del cuadro El Balandrito de Sorolla. A los vestidos vaporosos de las mujeres que aparecen en sus pinturas, claros y ligeros, que acompa\u00f1an el ritmo del viento con su dulce vaiv\u00e9n. La luz se filtra entre sus fibras jugando con las transparencias y el suave tacto con su piel.<\/p>\n","protected":false},"featured_media":1002,"comment_status":"open","ping_status":"closed","template":"","meta":{"om_disable_all_campaigns":false},"product_cat":[21,41],"product_tag":[67,54,74,61,52,51],"featured_image_urls":{"full":["https:\/\/poppinsstore.com\/wp-content\/uploads\/2023\/11\/cielo-de-verano.jpg",1066,1066,false],"thumbnail":["https:\/\/poppinsstore.com\/wp-content\/uploads\/2023\/11\/cielo-de-verano-150x150.jpg",150,150,true],"medium":["https:\/\/poppinsstore.com\/wp-content\/uploads\/2023\/11\/cielo-de-verano-300x300.jpg",300,300,true],"medium_large":["https:\/\/poppinsstore.com\/wp-content\/uploads\/2023\/11\/cielo-de-verano-768x768.jpg",768,768,true],"large":["https:\/\/poppinsstore.com\/wp-content\/uploads\/2023\/11\/cielo-de-verano-1024x1024.jpg",1024,1024,true],"1536x1536":["https:\/\/poppinsstore.com\/wp-content\/uploads\/2023\/11\/cielo-de-verano.jpg",1066,1066,false],"2048x2048":["https:\/\/poppinsstore.com\/wp-content\/uploads\/2023\/11\/cielo-de-verano.jpg",1066,1066,false],"woocommerce_thumbnail":["https:\/\/poppinsstore.com\/wp-content\/uploads\/2023\/11\/cielo-de-verano-300x300.jpg",300,300,true],"woocommerce_single":["https:\/\/poppinsstore.com\/wp-content\/uploads\/2023\/11\/cielo-de-verano-600x600.jpg",600,600,true],"woocommerce_gallery_thumbnail":["https:\/\/poppinsstore.com\/wp-content\/uploads\/2023\/11\/cielo-de-verano-100x100.jpg",100,100,true]},"post_excerpt_stackable":"<p>Nuestro color Cielo de Verano nos traslada a los reflejos del mar del cuadro El Balandrito de Sorolla. A los vestidos vaporosos de las mujeres que aparecen en sus pinturas, claros y ligeros, que acompa\u00f1an el ritmo del viento con su dulce vaiv\u00e9n. La luz se filtra entre sus fibras jugando con las transparencias y el suave tacto con su piel.<\/p>\n","category_list":"","author_info":{"name":"","url":""},"comments_num":"0 comentarios","_links":{"self":[{"href":"https:\/\/poppinsstore.com\/index.php?rest_route=\/wp\/v2\/product\/1001"}],"collection":[{"href":"https:\/\/poppinsstore.com\/index.php?rest_route=\/wp\/v2\/product"}],"about":[{"href":"https:\/\/poppinsstore.com\/index.php?rest_route=\/wp\/v2\/types\/product"}],"replies":[{"embeddable":true,"href":"https:\/\/poppinsstore.com\/index.php?rest_route=%2Fwp%2Fv2%2Fcomments&post=1001"}],"wp:featuredmedia":[{"embeddable":true,"href":"https:\/\/poppinsstore.com\/index.php?rest_route=\/wp\/v2\/media\/1002"}],"wp:attachment":[{"href":"https:\/\/poppinsstore.com\/index.php?rest_route=%2Fwp%2Fv2%2Fmedia&parent=1001"}],"wp:term":[{"taxonomy":"product_cat","embeddable":true,"href":"https:\/\/poppinsstore.com\/index.php?rest_route=%2Fwp%2Fv2%2Fproduct_cat&post=1001"},{"taxonomy":"product_tag","embeddable":true,"href":"https:\/\/poppinsstore.com\/index.php?rest_route=%2Fwp%2Fv2%2Fproduct_tag&post=1001"}],"curies":[{"name":"wp","href":"https:\/\/api.w.org\/{rel}","templated":true}]}}