{"id":1008,"date":"2023-11-02T20:34:44","date_gmt":"2023-11-02T20:34:44","guid":{"rendered":"https:\/\/poppinsstore.com\/?post_type=product&#038;p=1008"},"modified":"2023-11-03T20:20:46","modified_gmt":"2023-11-03T20:20:46","slug":"versante-mate-byzantine","status":"publish","type":"product","link":"https:\/\/poppinsstore.com\/?product=versante-mate-byzantine","title":{"rendered":"Versante Mate BYZANTINE"},"content":{"rendered":"\n<p>Autentico\u00ae Versante es una pintura natural con base de tiza indicada para superficies de exterior e interior. Contiene una membrana inteligente con regulador de humedad y filtro solar que la hace perfecta para superficies de mucho uso (muebles y azulejos de cocinas y ba\u00f1os, puertas, paredes lavables) y superficies de exterior<\/p>\n\n\n\n<p><strong>Donde usar<\/strong><br>Se pueden pintar superficies y muebles de exterior y muebles y zonas interiores con elevada humedad como cocinas, paredes y muebles de ba\u00f1o. Es ultramate y tiene un caracter\u00edstico tacto de tiza. Es ideal para pintar azulejos de ba\u00f1o y cocina.<\/p>\n\n\n\n<p><strong>Preparaci\u00f3n y Aplicaci\u00f3n<\/strong><br>Superficies nuevas o no pintadas: Aseg\u00farate que la superficie a pintar est\u00e9 seca, limpia y libre de grasa. Recomendamos utilizar el limpiador Aut\u00e9ntico Omniclean. Para pintar encima de yeso, es importante asegurarse que est\u00e9 completamente seco.<\/p>\n\n\n\n<p><strong>Cobertura<\/strong><br>Un litro cubre aproximadamente entre 8-13 m2, dependiendo de la superficie en la que se aplique y de su porosidad.<\/p>\n\n\n\n<p><strong>Tiempo de secado<\/strong><br>A los 30 minutos est\u00e1 seco al tacto, pero deja al menos 4 horas de secado entre capa y capa. Los tiempos de secado pueden variar en funci\u00f3n de las condiciones ambientales.<\/p>\n\n\n\n<p><strong>Limitaciones<\/strong><br>Los productos Aut\u00e9ntico no deben aplicarse en condiciones de alta humedad, por debajo de los 10\u00baC o por encima de los 30\u00baC.<br>La pintura se seca muy r\u00e1pido pero necesita varias semanas para endurecer (curarse) es por ello que recomendamos ir con cuidado los primeros d\u00edas evitando golpes y rozaduras fuertes.<br>En el caso de pintar puertas de paso, es aconsejable no cerrarlas durante unos d\u00edas hasta que est\u00e9 bien seca la pintura.<\/p>\n\n\n\n<p><strong>Precauciones<\/strong><br>Evita el contacto con los ojos, si esto ocurriese aclarar bien y de forma inmediata con agua templada y con los ojos abiertos durante al menos 10 minutos.<\/p>\n\n\n\n<p><strong>Conservaci\u00f3n<\/strong><br>Mant\u00e9n la pintura sobrante en un espacio fresco y seco, evitando la posibilidad de congelaci\u00f3n.<\/p>\n\n\n\n<p><strong>Informaci\u00f3n Medioambiental<\/strong><br>Cumple con la Normativa Europea EN71-3, por lo que puede utilizarse para juguetes y muebles infantiles. Este producto contiene 23g\/L VOC. El nivel marcado por la UE para este tipo de productos es de 30g\/L.<\/p>\n\n\n\n<p>Autentico\u00ae Pure and Natural Paint s\u00f3lo utiliza materias primas de excelente calidad, de baja percepci\u00f3n olfativa y con bajo impacto medioambiental. Nuestros procesos de fabricaci\u00f3n no generan residuos y todas las pinturas est\u00e1n dise\u00f1adas para garantizar un m\u00e1ximo rendimiento con el m\u00ednimo impacto en la salud del usuario.<\/p>\n","protected":false},"excerpt":{"rendered":"<p>Nuestro Byzantine es un color intenso que transmite serenidad y elegancia, el color en el que se pintaba el antiguo palacio de Blanquernas, sobre el B\u00f3sforo, donde habitaban los emperadores bizantinos.Gracias a su tonalidad puedes transformar un espacio otorg\u00e1ndole profundidad con s\u00f3lo pintar una de las paredes. Tambi\u00e9n puedes optar por destacar uno de tus muebles ofreci\u00e9ndolo como punto de atenci\u00f3n, logrando, en funci\u00f3n de su acabado, una est\u00e9tica r\u00fastica o un estilo industrial.<\/p>\n","protected":false},"featured_media":1009,"comment_status":"open","ping_status":"closed","template":"","meta":{"om_disable_all_campaigns":false},"product_cat":[21,41],"product_tag":[67,76,54,61,75,52,51],"featured_image_urls":{"full":["https:\/\/poppinsstore.com\/wp-content\/uploads\/2023\/11\/byzantine.jpg",1066,1066,false],"thumbnail":["https:\/\/poppinsstore.com\/wp-content\/uploads\/2023\/11\/byzantine-150x150.jpg",150,150,true],"medium":["https:\/\/poppinsstore.com\/wp-content\/uploads\/2023\/11\/byzantine-300x300.jpg",300,300,true],"medium_large":["https:\/\/poppinsstore.com\/wp-content\/uploads\/2023\/11\/byzantine-768x768.jpg",768,768,true],"large":["https:\/\/poppinsstore.com\/wp-content\/uploads\/2023\/11\/byzantine-1024x1024.jpg",1024,1024,true],"1536x1536":["https:\/\/poppinsstore.com\/wp-content\/uploads\/2023\/11\/byzantine.jpg",1066,1066,false],"2048x2048":["https:\/\/poppinsstore.com\/wp-content\/uploads\/2023\/11\/byzantine.jpg",1066,1066,false],"woocommerce_thumbnail":["https:\/\/poppinsstore.com\/wp-content\/uploads\/2023\/11\/byzantine-300x300.jpg",300,300,true],"woocommerce_single":["https:\/\/poppinsstore.com\/wp-content\/uploads\/2023\/11\/byzantine-600x600.jpg",600,600,true],"woocommerce_gallery_thumbnail":["https:\/\/poppinsstore.com\/wp-content\/uploads\/2023\/11\/byzantine-100x100.jpg",100,100,true]},"post_excerpt_stackable":"<p>Nuestro Byzantine es un color intenso que transmite serenidad y elegancia, el color en el que se pintaba el antiguo palacio de Blanquernas, sobre el B\u00f3sforo, donde habitaban los emperadores bizantinos.Gracias a su tonalidad puedes transformar un espacio otorg\u00e1ndole profundidad con s\u00f3lo pintar una de las paredes. Tambi\u00e9n puedes optar por destacar uno de tus muebles ofreci\u00e9ndolo como punto de atenci\u00f3n, logrando, en funci\u00f3n de su acabado, una est\u00e9tica r\u00fastica o un estilo industrial.<\/p>\n","category_list":"","author_info":{"name":"","url":""},"comments_num":"0 comentarios","_links":{"self":[{"href":"https:\/\/poppinsstore.com\/index.php?rest_route=\/wp\/v2\/product\/1008"}],"collection":[{"href":"https:\/\/poppinsstore.com\/index.php?rest_route=\/wp\/v2\/product"}],"about":[{"href":"https:\/\/poppinsstore.com\/index.php?rest_route=\/wp\/v2\/types\/product"}],"replies":[{"embeddable":true,"href":"https:\/\/poppinsstore.com\/index.php?rest_route=%2Fwp%2Fv2%2Fcomments&post=1008"}],"wp:featuredmedia":[{"embeddable":true,"href":"https:\/\/poppinsstore.com\/index.php?rest_route=\/wp\/v2\/media\/1009"}],"wp:attachment":[{"href":"https:\/\/poppinsstore.com\/index.php?rest_route=%2Fwp%2Fv2%2Fmedia&parent=1008"}],"wp:term":[{"taxonomy":"product_cat","embeddable":true,"href":"https:\/\/poppinsstore.com\/index.php?rest_route=%2Fwp%2Fv2%2Fproduct_cat&post=1008"},{"taxonomy":"product_tag","embeddable":true,"href":"https:\/\/poppinsstore.com\/index.php?rest_route=%2Fwp%2Fv2%2Fproduct_tag&post=1008"}],"curies":[{"name":"wp","href":"https:\/\/api.w.org\/{rel}","templated":true}]}}