{"id":1170,"date":"2023-11-04T16:30:12","date_gmt":"2023-11-04T16:30:12","guid":{"rendered":"https:\/\/poppinsstore.com\/?post_type=product&#038;p=1170"},"modified":"2023-11-04T17:36:56","modified_gmt":"2023-11-04T17:36:56","slug":"pata-lisa-de-haya-82","status":"publish","type":"product","link":"https:\/\/poppinsstore.com\/?product=pata-lisa-de-haya-82","title":{"rendered":"SET 4uds. PATA LISA DE HAYA (82)"},"content":{"rendered":"\n<p>SET 4 uds.<br>Pata para muebles torneada con dise\u00f1o liso. Est\u00e1 fabricada en madera de haya.<br><br>Medidas: 20cm de altura y 4,5cm de di\u00e1metro.<br><br>Incluye esp\u00e1rrago M8.<\/p>\n","protected":false},"excerpt":{"rendered":"<p>SET 4 uds.<br \/>Pata para muebles torneada con dise\u00f1o liso. Est\u00e1 fabricada en madera de haya.<\/p>\n<p>Medidas: 20cm de altura y 4,5cm de di\u00e1metro.<\/p>\n<p>Incluye esp\u00e1rrago M8.<\/p>\n","protected":false},"featured_media":1171,"comment_status":"open","ping_status":"closed","template":"","meta":{"om_disable_all_campaigns":false},"product_cat":[19,27],"product_tag":[120,117,115,114,118,113],"featured_image_urls":{"full":["https:\/\/poppinsstore.com\/wp-content\/uploads\/2023\/11\/pata-82-scaled.jpg",2560,2560,false],"thumbnail":["https:\/\/poppinsstore.com\/wp-content\/uploads\/2023\/11\/pata-82-150x150.jpg",150,150,true],"medium":["https:\/\/poppinsstore.com\/wp-content\/uploads\/2023\/11\/pata-82-300x300.jpg",300,300,true],"medium_large":["https:\/\/poppinsstore.com\/wp-content\/uploads\/2023\/11\/pata-82-768x768.jpg",768,768,true],"large":["https:\/\/poppinsstore.com\/wp-content\/uploads\/2023\/11\/pata-82-1024x1024.jpg",1024,1024,true],"1536x1536":["https:\/\/poppinsstore.com\/wp-content\/uploads\/2023\/11\/pata-82-1536x1536.jpg",1536,1536,true],"2048x2048":["https:\/\/poppinsstore.com\/wp-content\/uploads\/2023\/11\/pata-82-2048x2048.jpg",2048,2048,true],"woocommerce_thumbnail":["https:\/\/poppinsstore.com\/wp-content\/uploads\/2023\/11\/pata-82-300x300.jpg",300,300,true],"woocommerce_single":["https:\/\/poppinsstore.com\/wp-content\/uploads\/2023\/11\/pata-82-600x600.jpg",600,600,true],"woocommerce_gallery_thumbnail":["https:\/\/poppinsstore.com\/wp-content\/uploads\/2023\/11\/pata-82-100x100.jpg",100,100,true]},"post_excerpt_stackable":"<p>SET 4 uds.<br \/>Pata para muebles torneada con dise\u00f1o liso. Est\u00e1 fabricada en madera de haya.<\/p>\n<p>Medidas: 20cm de altura y 4,5cm de di\u00e1metro.<\/p>\n<p>Incluye esp\u00e1rrago M8.<\/p>\n","category_list":"","author_info":{"name":"","url":""},"comments_num":"0 comentarios","_links":{"self":[{"href":"https:\/\/poppinsstore.com\/index.php?rest_route=\/wp\/v2\/product\/1170"}],"collection":[{"href":"https:\/\/poppinsstore.com\/index.php?rest_route=\/wp\/v2\/product"}],"about":[{"href":"https:\/\/poppinsstore.com\/index.php?rest_route=\/wp\/v2\/types\/product"}],"replies":[{"embeddable":true,"href":"https:\/\/poppinsstore.com\/index.php?rest_route=%2Fwp%2Fv2%2Fcomments&post=1170"}],"wp:featuredmedia":[{"embeddable":true,"href":"https:\/\/poppinsstore.com\/index.php?rest_route=\/wp\/v2\/media\/1171"}],"wp:attachment":[{"href":"https:\/\/poppinsstore.com\/index.php?rest_route=%2Fwp%2Fv2%2Fmedia&parent=1170"}],"wp:term":[{"taxonomy":"product_cat","embeddable":true,"href":"https:\/\/poppinsstore.com\/index.php?rest_route=%2Fwp%2Fv2%2Fproduct_cat&post=1170"},{"taxonomy":"product_tag","embeddable":true,"href":"https:\/\/poppinsstore.com\/index.php?rest_route=%2Fwp%2Fv2%2Fproduct_tag&post=1170"}],"curies":[{"name":"wp","href":"https:\/\/api.w.org\/{rel}","templated":true}]}}