{"id":1180,"date":"2023-11-04T18:02:30","date_gmt":"2023-11-04T18:02:30","guid":{"rendered":"https:\/\/poppinsstore.com\/?post_type=product&#038;p=1180"},"modified":"2023-11-04T18:18:28","modified_gmt":"2023-11-04T18:18:28","slug":"deco-varnish-barniz-mate","status":"publish","type":"product","link":"https:\/\/poppinsstore.com\/?product=deco-varnish-barniz-mate","title":{"rendered":"DECO VARNISH  BARNIZ MATE"},"content":{"rendered":"\n<p><strong>Preparaci\u00f3n y Aplicaci\u00f3n<\/strong><\/p>\n\n\n\n<p>Agitar bien antes de usar. Asegurarse de que la superficie est\u00e9 limpia, seca y sin grasa. Aplicar una o dos capas finas ya que puede dejar una capa blanca si se aplica demasiado gruesa. Al utilizarlo en superficie porosa, diluir la primera capa con un 10% de agua. No es adecuado para uso exterior.<\/p>\n\n\n\n<p><strong>Tiempo de secado<\/strong><\/p>\n\n\n\n<p>El tiempo de secado es de 15 minutos a 1 hora seg\u00fan la temperatura y la humedad.<\/p>\n\n\n\n<p><strong>Cobertura<\/strong><\/p>\n\n\n\n<p>Cubre aproximadamente de 3,5 a 5m2 (250ml) en funci\u00f3n del tipo de superficie y su porosidad.<\/p>\n\n\n\n<p><strong>Precauciones<\/strong><\/p>\n\n\n\n<p>Mantener fuera del alcance de los ni\u00f1os. Si contacta con los ojos, m\u00f3jalo r\u00e1pidamente con agua tibia con los ojos abiertos al menos diez minutos. Tenemos la informaci\u00f3n del producto a su disposici\u00f3n.<\/p>\n\n\n\n<p><strong>Conservaci\u00f3n<\/strong><\/p>\n\n\n\n<p>Almacenar en un lugar fresco y seco, sin riesgo de congelaci\u00f3n. Quitar el exceso y los restos de producto de las herramientas que se hayan utilizado antes de limpiar bien con agua tibia y jab\u00f3n neutro. No vaciar en desag\u00fces.<\/p>\n\n\n\n<p><strong>Informaci\u00f3n medioambiental<\/strong><\/p>\n\n\n\n<p>Autentico\u00ae Pure and Natural Paint solo usa materias primas de excelente calidad, de baja percepci\u00f3n olfativa y con bajo impacto medioambiental. Nuestros procesos de fabricaci\u00f3n no generan residuos y todas las pinturas est\u00e1n dise\u00f1adas para garantizar un m\u00e1ximo rendimiento con el m\u00ednimo impacto en la salud de su usuario.<\/p>\n","protected":false},"excerpt":{"rendered":"<p>El barniz mate de Autentico al agua act\u00faa de capa protectora, no amarillea y puede utilizarse junto con las gamas Autentico Vintage, Velvet y Venice. Protege de las manchas, huellas, marcas de l\u00edquido y ante el desgaste. Puede utilizarse sin riesgo en casi cualquier superficie y no contiene aditivos perjudiciales. Contiene base al agua y asegura una protecci\u00f3n duradera.<\/p>\n","protected":false},"featured_media":1181,"comment_status":"open","ping_status":"closed","template":"","meta":{"om_disable_all_campaigns":false},"product_cat":[21,44,43],"product_tag":[131,128,129,54,132,130],"featured_image_urls":{"full":["https:\/\/poppinsstore.com\/wp-content\/uploads\/2023\/11\/BARNIZ.jpg",1060,1056,false],"thumbnail":["https:\/\/poppinsstore.com\/wp-content\/uploads\/2023\/11\/BARNIZ-150x150.jpg",150,150,true],"medium":["https:\/\/poppinsstore.com\/wp-content\/uploads\/2023\/11\/BARNIZ-300x300.jpg",300,300,true],"medium_large":["https:\/\/poppinsstore.com\/wp-content\/uploads\/2023\/11\/BARNIZ-768x765.jpg",768,765,true],"large":["https:\/\/poppinsstore.com\/wp-content\/uploads\/2023\/11\/BARNIZ-1024x1020.jpg",1024,1020,true],"1536x1536":["https:\/\/poppinsstore.com\/wp-content\/uploads\/2023\/11\/BARNIZ.jpg",1060,1056,false],"2048x2048":["https:\/\/poppinsstore.com\/wp-content\/uploads\/2023\/11\/BARNIZ.jpg",1060,1056,false],"woocommerce_thumbnail":["https:\/\/poppinsstore.com\/wp-content\/uploads\/2023\/11\/BARNIZ-300x299.jpg",300,299,true],"woocommerce_single":["https:\/\/poppinsstore.com\/wp-content\/uploads\/2023\/11\/BARNIZ-600x598.jpg",600,598,true],"woocommerce_gallery_thumbnail":["https:\/\/poppinsstore.com\/wp-content\/uploads\/2023\/11\/BARNIZ-100x100.jpg",100,100,true]},"post_excerpt_stackable":"<p>El barniz mate de Autentico al agua act\u00faa de capa protectora, no amarillea y puede utilizarse junto con las gamas Autentico Vintage, Velvet y Venice. Protege de las manchas, huellas, marcas de l\u00edquido y ante el desgaste. Puede utilizarse sin riesgo en casi cualquier superficie y no contiene aditivos perjudiciales. Contiene base al agua y asegura una protecci\u00f3n duradera.<\/p>\n","category_list":"","author_info":{"name":"","url":""},"comments_num":"0 comentarios","_links":{"self":[{"href":"https:\/\/poppinsstore.com\/index.php?rest_route=\/wp\/v2\/product\/1180"}],"collection":[{"href":"https:\/\/poppinsstore.com\/index.php?rest_route=\/wp\/v2\/product"}],"about":[{"href":"https:\/\/poppinsstore.com\/index.php?rest_route=\/wp\/v2\/types\/product"}],"replies":[{"embeddable":true,"href":"https:\/\/poppinsstore.com\/index.php?rest_route=%2Fwp%2Fv2%2Fcomments&post=1180"}],"wp:featuredmedia":[{"embeddable":true,"href":"https:\/\/poppinsstore.com\/index.php?rest_route=\/wp\/v2\/media\/1181"}],"wp:attachment":[{"href":"https:\/\/poppinsstore.com\/index.php?rest_route=%2Fwp%2Fv2%2Fmedia&parent=1180"}],"wp:term":[{"taxonomy":"product_cat","embeddable":true,"href":"https:\/\/poppinsstore.com\/index.php?rest_route=%2Fwp%2Fv2%2Fproduct_cat&post=1180"},{"taxonomy":"product_tag","embeddable":true,"href":"https:\/\/poppinsstore.com\/index.php?rest_route=%2Fwp%2Fv2%2Fproduct_tag&post=1180"}],"curies":[{"name":"wp","href":"https:\/\/api.w.org\/{rel}","templated":true}]}}