{"id":1203,"date":"2023-11-04T18:39:53","date_gmt":"2023-11-04T18:39:53","guid":{"rendered":"https:\/\/poppinsstore.com\/?post_type=product&#038;p=1203"},"modified":"2023-11-04T20:09:56","modified_gmt":"2023-11-04T20:09:56","slug":"cera-taupe","status":"publish","type":"product","link":"https:\/\/poppinsstore.com\/?product=cera-taupe","title":{"rendered":"CERA TAUPE"},"content":{"rendered":"\n<p><strong>Aplicaci\u00f3n<\/strong><\/p>\n\n\n\n<p>Aplicar una capa homog\u00e9nea de cera en toda la pieza pintada con la L\u00ednea Vintage de pintura natural a la tiza y dejar reposar al menos 15 minutos. Transcurrido este tiempo retirar el exceso de cera con un trapo de algod\u00f3n. Repetir este proceso una vez m\u00e1s. Es aconsejable no usar la pieza en 48 horas para que endurezca la cera.<\/p>\n\n\n\n<p>El rendimiento de 250 ml es de unos 4m2.<\/p>\n\n\n\n<p>El rendimiento de 500ml es de unos 8m2<\/p>\n\n\n\n<p><strong>Precauciones<\/strong><\/p>\n\n\n\n<p>Contiene aceite de trementina, no usar las ceras Autentico si eres al\u00e9rgico a la trementina. Recomendamos el uso de guantes. Si la cera entra en contacto con los ojos, enjuague inmediatamente con agua tibia con los p\u00e1rpados abiertos durante 10 minutos. Mantener fuera del alcance de los ni\u00f1os.<\/p>\n\n\n\n<p><strong>Conservaci\u00f3n<\/strong><\/p>\n\n\n\n<p>Conservar en un lugar fresco y seco, no exponer la cera a altas temperaturas.<\/p>\n\n\n\n<p><strong>Informaci\u00f3n medioambiental<\/strong><\/p>\n\n\n\n<p>No deseche los restos de cera en el desag\u00fce. Autentico\u00ae Pure and Natural Paint solo usa materias primas de excelente calidad, de baja percepci\u00f3n olfativa y con bajo impacto medioambiental. Nuestros procesos de fabricaci\u00f3n no generan residuos y todas las pinturas est\u00e1n dise\u00f1adas para garantizar un m\u00e1ximo rendimiento con el m\u00ednimo impacto en la salud de su usuario.<\/p>\n","protected":false},"excerpt":{"rendered":"<p>Cera color Topo Autentico de alta calidad. F\u00f3rmula recuperada de cera de abeja y carnauba. Contiene un extra de tiza pigmentada que dar\u00e1 a tus muebles una p\u00e1tina color Topo sobre colores claros, envejeciendo el mueble de forma muy especial. Es adecuada para todo tipo de madera en crudo, ser\u00e1 m\u00e1s vistosa en vetas marcadas, como roble. Obtendr\u00e1s un resultado muy bello si la madera tiene una veta marcada o si pintas un mueble dejando la textura del pincel. No apta para uso en piezas de exterior.<\/p>\n","protected":false},"featured_media":1204,"comment_status":"open","ping_status":"closed","template":"","meta":{"om_disable_all_campaigns":false},"product_cat":[21,44],"product_tag":[137,133,134,136,54,132,130],"featured_image_urls":{"full":["https:\/\/poppinsstore.com\/wp-content\/uploads\/2023\/11\/CERA-TAUPE.jpg",1066,1066,false],"thumbnail":["https:\/\/poppinsstore.com\/wp-content\/uploads\/2023\/11\/CERA-TAUPE-150x150.jpg",150,150,true],"medium":["https:\/\/poppinsstore.com\/wp-content\/uploads\/2023\/11\/CERA-TAUPE-300x300.jpg",300,300,true],"medium_large":["https:\/\/poppinsstore.com\/wp-content\/uploads\/2023\/11\/CERA-TAUPE-768x768.jpg",768,768,true],"large":["https:\/\/poppinsstore.com\/wp-content\/uploads\/2023\/11\/CERA-TAUPE-1024x1024.jpg",1024,1024,true],"1536x1536":["https:\/\/poppinsstore.com\/wp-content\/uploads\/2023\/11\/CERA-TAUPE.jpg",1066,1066,false],"2048x2048":["https:\/\/poppinsstore.com\/wp-content\/uploads\/2023\/11\/CERA-TAUPE.jpg",1066,1066,false],"woocommerce_thumbnail":["https:\/\/poppinsstore.com\/wp-content\/uploads\/2023\/11\/CERA-TAUPE-300x300.jpg",300,300,true],"woocommerce_single":["https:\/\/poppinsstore.com\/wp-content\/uploads\/2023\/11\/CERA-TAUPE-600x600.jpg",600,600,true],"woocommerce_gallery_thumbnail":["https:\/\/poppinsstore.com\/wp-content\/uploads\/2023\/11\/CERA-TAUPE-100x100.jpg",100,100,true]},"post_excerpt_stackable":"<p>Cera color Topo Autentico de alta calidad. F\u00f3rmula recuperada de cera de abeja y carnauba. Contiene un extra de tiza pigmentada que dar\u00e1 a tus muebles una p\u00e1tina color Topo sobre colores claros, envejeciendo el mueble de forma muy especial. Es adecuada para todo tipo de madera en crudo, ser\u00e1 m\u00e1s vistosa en vetas marcadas, como roble. Obtendr\u00e1s un resultado muy bello si la madera tiene una veta marcada o si pintas un mueble dejando la textura del pincel. No apta para uso en piezas de exterior.<\/p>\n","category_list":"","author_info":{"name":"","url":""},"comments_num":"0 comentarios","_links":{"self":[{"href":"https:\/\/poppinsstore.com\/index.php?rest_route=\/wp\/v2\/product\/1203"}],"collection":[{"href":"https:\/\/poppinsstore.com\/index.php?rest_route=\/wp\/v2\/product"}],"about":[{"href":"https:\/\/poppinsstore.com\/index.php?rest_route=\/wp\/v2\/types\/product"}],"replies":[{"embeddable":true,"href":"https:\/\/poppinsstore.com\/index.php?rest_route=%2Fwp%2Fv2%2Fcomments&post=1203"}],"wp:featuredmedia":[{"embeddable":true,"href":"https:\/\/poppinsstore.com\/index.php?rest_route=\/wp\/v2\/media\/1204"}],"wp:attachment":[{"href":"https:\/\/poppinsstore.com\/index.php?rest_route=%2Fwp%2Fv2%2Fmedia&parent=1203"}],"wp:term":[{"taxonomy":"product_cat","embeddable":true,"href":"https:\/\/poppinsstore.com\/index.php?rest_route=%2Fwp%2Fv2%2Fproduct_cat&post=1203"},{"taxonomy":"product_tag","embeddable":true,"href":"https:\/\/poppinsstore.com\/index.php?rest_route=%2Fwp%2Fv2%2Fproduct_tag&post=1203"}],"curies":[{"name":"wp","href":"https:\/\/api.w.org\/{rel}","templated":true}]}}