{"id":1207,"date":"2023-11-04T18:45:09","date_gmt":"2023-11-04T18:45:09","guid":{"rendered":"https:\/\/poppinsstore.com\/?post_type=product&#038;p=1207"},"modified":"2025-11-01T08:40:19","modified_gmt":"2025-11-01T08:40:19","slug":"bio-strip","status":"publish","type":"product","link":"https:\/\/poppinsstore.com\/?product=bio-strip","title":{"rendered":"BIO-STRIP"},"content":{"rendered":"\n<p><strong>Preparaci\u00f3n y Aplicaci\u00f3n<\/strong><\/p>\n\n\n\n<p>Mezclar bien antes de su uso. No diluir. Se deben proteger las superficies que no se desean decapar como, por ejemplo, cristales y ventanas.<\/p>\n\n\n\n<p>1- Aplicar en cantidad directamente con un pincel o rodillo.<\/p>\n\n\n\n<p>2- D\u00e9jalo 30 min. para luego rascar la capa aplicada con esp\u00e1tula o cepillo de acero.<\/p>\n\n\n\n<p>3- Repite el proceso tantas veces como sea necesario.<\/p>\n\n\n\n<p>4- Al cabo de 1 hora se debe limpiar la superficie con un pa\u00f1o h\u00famedo y limpio con Omniclean.<\/p>\n\n\n\n<p>No es adecuado para eliminar pinturas que no producen capa como la pintura a la cal. No apto para decapar barnices de poliuretano. Es apto tanto para interior como para exterior.<\/p>\n\n\n\n<p><strong>Cobertura<\/strong><\/p>\n\n\n\n<p>Cubre de 4 a 8 m2 seg\u00fan el tipo de superficie, porosidad y t\u00e9cnica de aplicaci\u00f3n.<\/p>\n\n\n\n<p><strong>Limitaciones<\/strong><\/p>\n\n\n\n<p>No lo apliques en un ambiente muy h\u00famedo por debajo de los 10\u00baC ni por encima de los 30\u00baC.<\/p>\n\n\n\n<p><strong>Precauciones<\/strong><\/p>\n\n\n\n<p>Ponte gafas y guantes de protecci\u00f3n. Contacto ocular: lavar inmediatamente con agua tibia manteniendo abiertos los p\u00e1rpados y llama al m\u00e9dico.<\/p>\n\n\n\n<p><strong>Conservaci\u00f3n<\/strong><\/p>\n\n\n\n<p>Almacenar en un lugar fresco y seco, sin riesgo de congelaci\u00f3n. Elimina los restos en utensilios y en recipientes de mezcla antes de lavarlos con agua tibia y jab\u00f3n. No vac\u00edes el resto en desag\u00fces y tuber\u00edas.<\/p>\n\n\n\n<p><strong>Informaci\u00f3n medioambiental<\/strong><\/p>\n\n\n\n<p>Este producto no contiene disolventes (VOC). Autentico\u00ae Pure and Natural Paint solo usa materias primas de excelente calidad, de baja percepci\u00f3n olfativa y con bajo impacto medioambiental. Nuestros procesos de fabricaci\u00f3n no generan residuos y todas las pinturas est\u00e1n dise\u00f1adas para garantizar un m\u00e1ximo rendimiento con el m\u00ednimo impacto en la salud de su usuario.<\/p>\n","protected":false},"excerpt":{"rendered":"<p>Autentico Bio-Strip es un decapador de pinturas y productos de acabado como ceras y barnices, de alta calidad. Autentico Bio-Strip es con base de agua, sin disolventes y f\u00e1cil de usar. Ideal para eliminar pintura, barniz y cera en maderas, PVC, metal,<\/p>\n<p>FORMATO 500ml<\/p>\n","protected":false},"featured_media":1208,"comment_status":"open","ping_status":"closed","template":"","meta":{"om_disable_all_campaigns":false},"product_cat":[21,44],"product_tag":[142,54,138,139,141,140],"featured_image_urls":{"full":["https:\/\/poppinsstore.com\/wp-content\/uploads\/2023\/11\/BIOSTRIP-2.jpg",1043,1043,false],"thumbnail":["https:\/\/poppinsstore.com\/wp-content\/uploads\/2023\/11\/BIOSTRIP-2-150x150.jpg",150,150,true],"medium":["https:\/\/poppinsstore.com\/wp-content\/uploads\/2023\/11\/BIOSTRIP-2-300x300.jpg",300,300,true],"medium_large":["https:\/\/poppinsstore.com\/wp-content\/uploads\/2023\/11\/BIOSTRIP-2-768x768.jpg",768,768,true],"large":["https:\/\/poppinsstore.com\/wp-content\/uploads\/2023\/11\/BIOSTRIP-2-1024x1024.jpg",1024,1024,true],"1536x1536":["https:\/\/poppinsstore.com\/wp-content\/uploads\/2023\/11\/BIOSTRIP-2.jpg",1043,1043,false],"2048x2048":["https:\/\/poppinsstore.com\/wp-content\/uploads\/2023\/11\/BIOSTRIP-2.jpg",1043,1043,false],"woocommerce_thumbnail":["https:\/\/poppinsstore.com\/wp-content\/uploads\/2023\/11\/BIOSTRIP-2-300x300.jpg",300,300,true],"woocommerce_single":["https:\/\/poppinsstore.com\/wp-content\/uploads\/2023\/11\/BIOSTRIP-2-600x600.jpg",600,600,true],"woocommerce_gallery_thumbnail":["https:\/\/poppinsstore.com\/wp-content\/uploads\/2023\/11\/BIOSTRIP-2-100x100.jpg",100,100,true]},"post_excerpt_stackable":"<p>Autentico Bio-Strip es un decapador de pinturas y productos de acabado como ceras y barnices, de alta calidad. Autentico Bio-Strip es con base de agua, sin disolventes y f\u00e1cil de usar. Ideal para eliminar pintura, barniz y cera en maderas, PVC, metal,<\/p>\n<p>FORMATO 500ml<\/p>\n","category_list":"","author_info":{"name":"","url":""},"comments_num":"0 comentarios","_links":{"self":[{"href":"https:\/\/poppinsstore.com\/index.php?rest_route=\/wp\/v2\/product\/1207"}],"collection":[{"href":"https:\/\/poppinsstore.com\/index.php?rest_route=\/wp\/v2\/product"}],"about":[{"href":"https:\/\/poppinsstore.com\/index.php?rest_route=\/wp\/v2\/types\/product"}],"replies":[{"embeddable":true,"href":"https:\/\/poppinsstore.com\/index.php?rest_route=%2Fwp%2Fv2%2Fcomments&post=1207"}],"wp:featuredmedia":[{"embeddable":true,"href":"https:\/\/poppinsstore.com\/index.php?rest_route=\/wp\/v2\/media\/1208"}],"wp:attachment":[{"href":"https:\/\/poppinsstore.com\/index.php?rest_route=%2Fwp%2Fv2%2Fmedia&parent=1207"}],"wp:term":[{"taxonomy":"product_cat","embeddable":true,"href":"https:\/\/poppinsstore.com\/index.php?rest_route=%2Fwp%2Fv2%2Fproduct_cat&post=1207"},{"taxonomy":"product_tag","embeddable":true,"href":"https:\/\/poppinsstore.com\/index.php?rest_route=%2Fwp%2Fv2%2Fproduct_tag&post=1207"}],"curies":[{"name":"wp","href":"https:\/\/api.w.org\/{rel}","templated":true}]}}