{"id":409,"date":"2022-04-18T09:16:58","date_gmt":"2022-04-18T09:16:58","guid":{"rendered":"https:\/\/demo.creativethemes.com\/blocksy\/home-decor\/?post_type=product&#038;p=409"},"modified":"2023-10-24T18:12:20","modified_gmt":"2023-10-24T18:12:20","slug":"mattis-aliquam","status":"publish","type":"product","link":"https:\/\/poppinsstore.com\/?product=mattis-aliquam","title":{"rendered":"Kerosene Lamp Majken Green Brass &#8211; Large \u00d8 12 x H 35 cm"},"content":{"rendered":"<div dir=\"auto\">\u00a0INSTRUCCIONES DE USO:\u00a0<\/div>\n<div dir=\"auto\">\u00a0Llena la l\u00e1mpara con aceite de l\u00e1mpara y enciende la l\u00e1mpara: La l\u00e1mpara de queroseno debe apagarse y enfriarse al llenarla. &#8211; Retire el vidrio del quemador y desenrosque el quemador. &#8211; Llene la l\u00e1mpara con aceite de l\u00e1mpara, alrededor de 2\/3. Utilice un embudo para derrames menores. &#8211; Coloque el quemador con la mecha hacia abajo y deje que la mecha absorba el aceite de la l\u00e1mpara durante aproximadamente 20-30 minutos. &#8211; Enciende la l\u00e1mpara y ajusta la altura de la llama con el tornillo en el lateral del quemador. &#8211; Vuelve a poner el vidrio del quemador. Tenga en cuenta que es posible que tenga que ajustar el vidrio del quemador para enderezarlo. Cuando el vidrio est\u00e9 recto, use las abrazaderas de metal del quemador para estabilizarlo. Para apagar la luz: Extinguir la llama bajando lentamente la mecha hasta que la llama se apague o sople la llama. Cambio de mecha: La vieja mecha se saca del quemador desde abajo y la nueva se inserta desde abajo y se atornilla a la altura correcta. Importante: El vidrio del quemador estar\u00e1 extremadamente caliente cuando la l\u00e1mpara haya estado ardiendo durante alg\u00fan tiempo. Coloque la l\u00e1mpara sobre una superficie plana, lejos del material inflamable. Aseg\u00farate tambi\u00e9n de mantener libre el \u00e1rea por encima de la l\u00e1mpara, aproximadamente 1 metro. Considera la l\u00e1mpara como una fuente de luz primaria y no solo como decoraci\u00f3n. Nunca deje la l\u00e1mpara desatendida y mant\u00e9ngalo fuera del alcance de los ni\u00f1os y las mascotas. El aceite de la l\u00e1mpara es muy t\u00f3xico para la ingesti\u00f3n. Si se ingiere, NO induzca el v\u00f3mito, sino p\u00f3ngase en contacto con el centro de control de intoxicaciones para obtener orientaci\u00f3n.\u00a0<\/div>\n<div dir=\"auto\">. (Por favor, lea las instrucciones de uso adjuntas antes de usar la l\u00e1mpara)<\/div>\n","protected":false},"excerpt":{"rendered":"<p>L\u00e1mpara de queroseno grande en vidrio verde con un quemador de color lat\u00f3n. Una mecha incluida, coincide con el n\u00famero de art\u00edculo 116210 de la mecha. El aceite de la l\u00e1mpara se vende por separado. Recomendamos el aceite de l\u00e1mpara de Str\u00f6mshaga. El vidrio del quemador que se ajusta a esta l\u00e1mpara de queroseno es el art\u00edculo 121810G.\u00a0<\/p>\n<p>\u00a0Las l\u00e1mparas de queroseno eran la variedad m\u00e1s com\u00fan de l\u00e1mparas en Suecia a finales del siglo XIX y principios del siglo XX. Nuestras l\u00e1mparas de queroseno se producen con el prop\u00f3sito de agregar fuentes de luz en lugares donde no hay electricidad, como botes peque\u00f1os, caba\u00f1as y balcones\/jardines. Sin embargo, tambi\u00e9n son bonitos para mantener en la mesa de la cocina para una sensaci\u00f3n acogedora. Las l\u00e1mparas de queroseno tambi\u00e9n son \u00fatiles en momentos de corte de energ\u00eda, ya que permiten una luz muy fuerte<\/p>\n","protected":false},"featured_media":800,"comment_status":"open","ping_status":"closed","template":"","meta":{"om_disable_all_campaigns":false},"product_cat":[29],"product_tag":[],"featured_image_urls":{"full":["https:\/\/poppinsstore.com\/wp-content\/uploads\/2023\/10\/lampqueroseno1.jpg",836,1115,false],"thumbnail":["https:\/\/poppinsstore.com\/wp-content\/uploads\/2023\/10\/lampqueroseno1-150x150.jpg",150,150,true],"medium":["https:\/\/poppinsstore.com\/wp-content\/uploads\/2023\/10\/lampqueroseno1-225x300.jpg",225,300,true],"medium_large":["https:\/\/poppinsstore.com\/wp-content\/uploads\/2023\/10\/lampqueroseno1-768x1024.jpg",768,1024,true],"large":["https:\/\/poppinsstore.com\/wp-content\/uploads\/2023\/10\/lampqueroseno1-768x1024.jpg",768,1024,true],"1536x1536":["https:\/\/poppinsstore.com\/wp-content\/uploads\/2023\/10\/lampqueroseno1.jpg",836,1115,false],"2048x2048":["https:\/\/poppinsstore.com\/wp-content\/uploads\/2023\/10\/lampqueroseno1.jpg",836,1115,false],"woocommerce_thumbnail":["https:\/\/poppinsstore.com\/wp-content\/uploads\/2023\/10\/lampqueroseno1-300x400.jpg",300,400,true],"woocommerce_single":["https:\/\/poppinsstore.com\/wp-content\/uploads\/2023\/10\/lampqueroseno1-600x800.jpg",600,800,true],"woocommerce_gallery_thumbnail":["https:\/\/poppinsstore.com\/wp-content\/uploads\/2023\/10\/lampqueroseno1-100x100.jpg",100,100,true]},"post_excerpt_stackable":"<p>L\u00e1mpara de queroseno grande en vidrio verde con un quemador de color lat\u00f3n. Una mecha incluida, coincide con el n\u00famero de art\u00edculo 116210 de la mecha. El aceite de la l\u00e1mpara se vende por separado. Recomendamos el aceite de l\u00e1mpara de Str\u00f6mshaga. El vidrio del quemador que se ajusta a esta l\u00e1mpara de queroseno es el art\u00edculo 121810G.\u00a0<\/p>\n<p>\u00a0Las l\u00e1mparas de queroseno eran la variedad m\u00e1s com\u00fan de l\u00e1mparas en Suecia a finales del siglo XIX y principios del siglo XX. Nuestras l\u00e1mparas de queroseno se producen con el prop\u00f3sito de agregar fuentes de luz en lugares donde no hay electricidad, como botes peque\u00f1os, caba\u00f1as y balcones\/jardines. Sin embargo, tambi\u00e9n son bonitos para mantener en la mesa de la cocina para una sensaci\u00f3n acogedora. Las l\u00e1mparas de queroseno tambi\u00e9n son \u00fatiles en momentos de corte de energ\u00eda, ya que permiten una luz muy fuerte<\/p>\n","category_list":"","author_info":{"name":"","url":""},"comments_num":"0 comentarios","_links":{"self":[{"href":"https:\/\/poppinsstore.com\/index.php?rest_route=\/wp\/v2\/product\/409"}],"collection":[{"href":"https:\/\/poppinsstore.com\/index.php?rest_route=\/wp\/v2\/product"}],"about":[{"href":"https:\/\/poppinsstore.com\/index.php?rest_route=\/wp\/v2\/types\/product"}],"replies":[{"embeddable":true,"href":"https:\/\/poppinsstore.com\/index.php?rest_route=%2Fwp%2Fv2%2Fcomments&post=409"}],"wp:featuredmedia":[{"embeddable":true,"href":"https:\/\/poppinsstore.com\/index.php?rest_route=\/wp\/v2\/media\/800"}],"wp:attachment":[{"href":"https:\/\/poppinsstore.com\/index.php?rest_route=%2Fwp%2Fv2%2Fmedia&parent=409"}],"wp:term":[{"taxonomy":"product_cat","embeddable":true,"href":"https:\/\/poppinsstore.com\/index.php?rest_route=%2Fwp%2Fv2%2Fproduct_cat&post=409"},{"taxonomy":"product_tag","embeddable":true,"href":"https:\/\/poppinsstore.com\/index.php?rest_route=%2Fwp%2Fv2%2Fproduct_tag&post=409"}],"curies":[{"name":"wp","href":"https:\/\/api.w.org\/{rel}","templated":true}]}}