{"id":786,"date":"2023-10-24T17:19:43","date_gmt":"2023-10-24T17:19:43","guid":{"rendered":"https:\/\/poppinsstore.com\/?post_type=product&#038;p=786"},"modified":"2023-11-03T20:46:49","modified_gmt":"2023-11-03T20:46:49","slug":"omniclean","status":"publish","type":"product","link":"https:\/\/poppinsstore.com\/?product=omniclean","title":{"rendered":"Omniclean"},"content":{"rendered":"<div dir=\"auto\">\n<div dir=\"auto\">\n<p dir=\"auto\"><strong>Preparaci\u00f3n y Aplicaci\u00f3n\u00a0<\/strong><\/p>\n<p>1- Diluye 1 parte de Autentico Omniclean en 10 partes de agua en un recipiente.<\/p>\n<p>2- Sumerge un trapo limpio en la soluci\u00f3n y p\u00e1salo por la superficie a limpiar para eliminar cualquier resto de suciedad y grasa.<\/p>\n<p>3- Enjuaga el trapo en agua limpia y vuelve a pasarlo por la superficie.<\/p>\n<p>4- Espera a que la superficie est\u00e9 completamente seca antes de pintar.<\/p>\n<p>Cobertura 250ml. de concentrado equivalen aproximadamente a 2,75l. de soluci\u00f3n diluida.<\/p>\n<p dir=\"auto\"><strong>Precauciones\u00a0<\/strong><\/p>\n<p>Mantenlo alejado del alcance de los ni\u00f1os.<\/p>\n<p>Puede producir graves quemaduras de piel y da\u00f1os oculares.<\/p>\n<p>Prot\u00e9gete cara y ojos y utiliza ropa y guantes de protecci\u00f3n.<\/p>\n<p>Apl\u00edcalo en zonas bien ventiladas.<\/p>\n<p>En caso de ingesti\u00f3n, enju\u00e1gate la boca. No provoques el v\u00f3mito.<\/p>\n<p>En contacto con la piel o pelo: qu\u00edtate la ropa en contacto y l\u00e1vate la piel con agua.<\/p>\n<p>Inhalaci\u00f3n: dir\u00edgete a un lugar con aire fresco y permanece en posici\u00f3n c\u00f3moda.<\/p>\n<p>Contacto ocular: retirar lentillas si las llevas, aclarar ojos con agua durante unos minutos.<\/p>\n<p>Lavar la ropa que haya estado en contacto.<\/p>\n<p><strong>Conservaci\u00f3n<\/strong><\/p>\n<p>Almacenar en un lugar fresco y seco, sin riesgo de congelaci\u00f3n.<\/p>\n<p><strong>Informaci\u00f3n medioambiental\u00a0<\/strong><\/p>\n<p>Este producto contiene 15g\/L VOC. El nivel marcado por la UE para este producto es de 30g\/L. Autentico\u00ae Pure and Natural Paint solo usa materias primas de excelente calidad, de baja percepci\u00f3n olfativa y con bajo impacto medioambiental. Nuestros procesos de fabricaci\u00f3n no generan residuos y todas las pinturas est\u00e1n dise\u00f1adas para garantizar un m\u00e1ximo rendimiento con el m\u00ednimo impacto en la salud de su usuario.<\/p>\n<\/div>\n<\/div>\n","protected":false},"excerpt":{"rendered":"<p>Autentico Omniclean limpia exhaustivamente las superficies como preparaci\u00f3n para pintar eliminando cualquier resto de suciedad en part\u00edculas que pueda hacer que la pintura no se adhiera \u00f3ptimamente.<\/p>\n","protected":false},"featured_media":798,"comment_status":"open","ping_status":"closed","template":"","meta":{"om_disable_all_campaigns":false},"product_cat":[21,44,41,42,43],"product_tag":[54,109,110],"featured_image_urls":{"full":["https:\/\/poppinsstore.com\/wp-content\/uploads\/2023\/10\/omniclean.jpg",1059,1059,false],"thumbnail":["https:\/\/poppinsstore.com\/wp-content\/uploads\/2023\/10\/omniclean-150x150.jpg",150,150,true],"medium":["https:\/\/poppinsstore.com\/wp-content\/uploads\/2023\/10\/omniclean-300x300.jpg",300,300,true],"medium_large":["https:\/\/poppinsstore.com\/wp-content\/uploads\/2023\/10\/omniclean-768x768.jpg",768,768,true],"large":["https:\/\/poppinsstore.com\/wp-content\/uploads\/2023\/10\/omniclean-1024x1024.jpg",1024,1024,true],"1536x1536":["https:\/\/poppinsstore.com\/wp-content\/uploads\/2023\/10\/omniclean.jpg",1059,1059,false],"2048x2048":["https:\/\/poppinsstore.com\/wp-content\/uploads\/2023\/10\/omniclean.jpg",1059,1059,false],"woocommerce_thumbnail":["https:\/\/poppinsstore.com\/wp-content\/uploads\/2023\/10\/omniclean-300x300.jpg",300,300,true],"woocommerce_single":["https:\/\/poppinsstore.com\/wp-content\/uploads\/2023\/10\/omniclean-600x600.jpg",600,600,true],"woocommerce_gallery_thumbnail":["https:\/\/poppinsstore.com\/wp-content\/uploads\/2023\/10\/omniclean-100x100.jpg",100,100,true]},"post_excerpt_stackable":"<p>Autentico Omniclean limpia exhaustivamente las superficies como preparaci\u00f3n para pintar eliminando cualquier resto de suciedad en part\u00edculas que pueda hacer que la pintura no se adhiera \u00f3ptimamente.<\/p>\n","category_list":"","author_info":{"name":"","url":""},"comments_num":"0 comentarios","_links":{"self":[{"href":"https:\/\/poppinsstore.com\/index.php?rest_route=\/wp\/v2\/product\/786"}],"collection":[{"href":"https:\/\/poppinsstore.com\/index.php?rest_route=\/wp\/v2\/product"}],"about":[{"href":"https:\/\/poppinsstore.com\/index.php?rest_route=\/wp\/v2\/types\/product"}],"replies":[{"embeddable":true,"href":"https:\/\/poppinsstore.com\/index.php?rest_route=%2Fwp%2Fv2%2Fcomments&post=786"}],"wp:featuredmedia":[{"embeddable":true,"href":"https:\/\/poppinsstore.com\/index.php?rest_route=\/wp\/v2\/media\/798"}],"wp:attachment":[{"href":"https:\/\/poppinsstore.com\/index.php?rest_route=%2Fwp%2Fv2%2Fmedia&parent=786"}],"wp:term":[{"taxonomy":"product_cat","embeddable":true,"href":"https:\/\/poppinsstore.com\/index.php?rest_route=%2Fwp%2Fv2%2Fproduct_cat&post=786"},{"taxonomy":"product_tag","embeddable":true,"href":"https:\/\/poppinsstore.com\/index.php?rest_route=%2Fwp%2Fv2%2Fproduct_tag&post=786"}],"curies":[{"name":"wp","href":"https:\/\/api.w.org\/{rel}","templated":true}]}}