{"id":883,"date":"2023-10-28T17:34:34","date_gmt":"2023-10-28T17:34:34","guid":{"rendered":"https:\/\/poppinsstore.com\/?post_type=product&#038;p=883"},"modified":"2023-11-03T20:47:35","modified_gmt":"2023-11-03T20:47:35","slug":"primer-gris","status":"publish","type":"product","link":"https:\/\/poppinsstore.com\/?product=primer-gris","title":{"rendered":"Primer Gris"},"content":{"rendered":"\n<p>Este producto presenta diversas aplicaciones, destacando su capacidad para bloquear el sangrado de la madera y detener las manchas causadas por los taninos presentes en ciertas maderas como caoba, roble, pino y casta\u00f1o, especialmente cuando estas entran en contacto con la humedad. Adem\u00e1s, es perfecto para preparar superficies poco porosas antes de pintar, como aquellas compuestas por materiales brillantes como baldosas, pl\u00e1stico o PVC.<br>Otra ventaja del Aut\u00e9ntico Primer Gris es que se puede utilizar como base para neutralizar superficies en paredes y techos antes de proceder a pintar. Su empleo resulta fundamental al trabajar con la l\u00ednea de pinturas Versante Satinada.<br>Para obtener resultados \u00f3ptimos, se recomienda el uso de Primer Gris con una selecci\u00f3n espec\u00edfica de colores, entre los que se encuentran: Aged Zinc, Amari<\/p>\n\n\n\n<p>El Aut\u00e9ntico Primer Gris es una excelente imprimaci\u00f3n de alta calidad que no contiene disolventes. Su tonalidad gris ofrece una ventaja adicional, ya que te permitir\u00e1 cubrir con menos capas de pintura colores altamente pigmentados, como los vivos o los muy oscuros, entre ellos, los tonos rojos, amarillos, negros, entre otros.<\/p>\n\n\n\n<p>Este producto presenta diversas aplicaciones, destacando su capacidad para bloquear el sangrado de la madera y detener las manchas causadas por los taninos presentes en ciertas maderas como caoba, roble, pino y casta\u00f1o, especialmente cuando estas entran en contacto con la humedad. Adem\u00e1s, es perfecto para preparar superficies poco porosas antes de pintar, como aquellas compuestas por materiales brillantes como baldosas, pl\u00e1stico o PVC.<\/p>\n\n\n\n<p>Otra ventaja del Aut\u00e9ntico Primer Gris es que se puede utilizar como base para neutralizar superficies en paredes y techos antes de proceder a pintar. Su empleo resulta fundamental al trabajar con la l\u00ednea de pinturas Versante Satinada.<\/p>\n\n\n\n<p>Para obtener resultados \u00f3ptimos, se recomienda el uso de Primer Gris con una selecci\u00f3n espec\u00edfica de colores, entre los que se encuentran: Aged Zinc, Amarillo Tostado, Aubergine, Azul Marino, Azul Profundo, Berries, Black Hills, Bright Green, Brut, Byzantine, Casi negro, Clay, Dark chocolate, Denim, Evening Shadow, Fern, Grand Cru, Graphite, Heliotrope, Lava, Lazy Sunday, Morphet Mustard, Mud, Narang, Nocturnal, Nordic Blue, Oxblood, Passion Red, Pavot Bleu, Plum, Red Stripe, Ruby, Terracotta, Think Red, Thunder Sky, Truffle, Verde Ingl\u00e9s, Violeta, Vulcano, Wilderness y Winter Night.<\/p>\n\n\n\n<p>En resumen, el Aut\u00e9ntico Primer Gris es una opci\u00f3n esencial para preparar superficies y optimizar la aplicaci\u00f3n de pinturas altamente pigmentadas, brindando resultados profesionales y duraderos en tus proyectos de pintura.<\/p>\n\n\n\n<p class=\"has-palette-color-8-color has-text-color has-link-color wp-elements-54188de7d933b9a040fbe81abcb0eef2\"><\/p>\n","protected":false},"excerpt":{"rendered":"<p>Este producto presenta diversas aplicaciones, destacando su capacidad para bloquear el sangrado de la madera y detener las manchas causadas por los taninos presentes en ciertas maderas como caoba, roble, pino y casta\u00f1o, especialmente cuando estas entran en contacto con la humedad. Adem\u00e1s, es perfecto para preparar superficies poco porosas antes de pintar, como aquellas compuestas por materiales brillantes como baldosas, pl\u00e1stico o PVC.<\/p>\n","protected":false},"featured_media":874,"comment_status":"open","ping_status":"closed","template":"","meta":{"om_disable_all_campaigns":false},"product_cat":[21,44,41,42,43],"product_tag":[86,111,112],"featured_image_urls":{"full":["https:\/\/poppinsstore.com\/wp-content\/uploads\/2023\/10\/PRIMER-GRIS-.jpg",1062,1062,false],"thumbnail":["https:\/\/poppinsstore.com\/wp-content\/uploads\/2023\/10\/PRIMER-GRIS--150x150.jpg",150,150,true],"medium":["https:\/\/poppinsstore.com\/wp-content\/uploads\/2023\/10\/PRIMER-GRIS--300x300.jpg",300,300,true],"medium_large":["https:\/\/poppinsstore.com\/wp-content\/uploads\/2023\/10\/PRIMER-GRIS--768x768.jpg",768,768,true],"large":["https:\/\/poppinsstore.com\/wp-content\/uploads\/2023\/10\/PRIMER-GRIS--1024x1024.jpg",1024,1024,true],"1536x1536":["https:\/\/poppinsstore.com\/wp-content\/uploads\/2023\/10\/PRIMER-GRIS-.jpg",1062,1062,false],"2048x2048":["https:\/\/poppinsstore.com\/wp-content\/uploads\/2023\/10\/PRIMER-GRIS-.jpg",1062,1062,false],"woocommerce_thumbnail":["https:\/\/poppinsstore.com\/wp-content\/uploads\/2023\/10\/PRIMER-GRIS--300x300.jpg",300,300,true],"woocommerce_single":["https:\/\/poppinsstore.com\/wp-content\/uploads\/2023\/10\/PRIMER-GRIS--600x600.jpg",600,600,true],"woocommerce_gallery_thumbnail":["https:\/\/poppinsstore.com\/wp-content\/uploads\/2023\/10\/PRIMER-GRIS--100x100.jpg",100,100,true]},"post_excerpt_stackable":"<p>Este producto presenta diversas aplicaciones, destacando su capacidad para bloquear el sangrado de la madera y detener las manchas causadas por los taninos presentes en ciertas maderas como caoba, roble, pino y casta\u00f1o, especialmente cuando estas entran en contacto con la humedad. Adem\u00e1s, es perfecto para preparar superficies poco porosas antes de pintar, como aquellas compuestas por materiales brillantes como baldosas, pl\u00e1stico o PVC.<\/p>\n","category_list":"","author_info":{"name":"","url":""},"comments_num":"0 comentarios","_links":{"self":[{"href":"https:\/\/poppinsstore.com\/index.php?rest_route=\/wp\/v2\/product\/883"}],"collection":[{"href":"https:\/\/poppinsstore.com\/index.php?rest_route=\/wp\/v2\/product"}],"about":[{"href":"https:\/\/poppinsstore.com\/index.php?rest_route=\/wp\/v2\/types\/product"}],"replies":[{"embeddable":true,"href":"https:\/\/poppinsstore.com\/index.php?rest_route=%2Fwp%2Fv2%2Fcomments&post=883"}],"wp:featuredmedia":[{"embeddable":true,"href":"https:\/\/poppinsstore.com\/index.php?rest_route=\/wp\/v2\/media\/874"}],"wp:attachment":[{"href":"https:\/\/poppinsstore.com\/index.php?rest_route=%2Fwp%2Fv2%2Fmedia&parent=883"}],"wp:term":[{"taxonomy":"product_cat","embeddable":true,"href":"https:\/\/poppinsstore.com\/index.php?rest_route=%2Fwp%2Fv2%2Fproduct_cat&post=883"},{"taxonomy":"product_tag","embeddable":true,"href":"https:\/\/poppinsstore.com\/index.php?rest_route=%2Fwp%2Fv2%2Fproduct_tag&post=883"}],"curies":[{"name":"wp","href":"https:\/\/api.w.org\/{rel}","templated":true}]}}